{"id":334,"date":"2022-05-26T22:01:23","date_gmt":"2022-05-26T20:01:23","guid":{"rendered":"https:\/\/reikicoursesbarcelona.es\/onlinetraining\/?page_id=334"},"modified":"2023-01-23T20:27:16","modified_gmt":"2023-01-23T19:27:16","slug":"about-me","status":"publish","type":"page","link":"https:\/\/reikicoursesbarcelona.es\/onlinetraining\/about-me\/","title":{"rendered":"About me"},"content":{"rendered":"<div class=\"gb-container gb-container-5bd7795b alignfull\"><div class=\"gb-inside-container\">\n<div class=\"gb-grid-wrapper gb-grid-wrapper-681f5dde\">\n<div class=\"gb-grid-column gb-grid-column-af446ae6\"><div class=\"gb-container gb-container-af446ae6\"><div class=\"gb-inside-container\">\n\n<figure class=\"wp-block-image size-full\"><img loading=\"lazy\" decoding=\"async\" width=\"420\" height=\"367\" src=\"https:\/\/reikicoursesbarcelona.es\/onlinetraining\/wp-content\/uploads\/2023\/01\/isa_28112022.jpg\" alt=\"\" class=\"wp-image-3039\" srcset=\"https:\/\/reikicoursesbarcelona.es\/onlinetraining\/wp-content\/uploads\/2023\/01\/isa_28112022.jpg 420w, https:\/\/reikicoursesbarcelona.es\/onlinetraining\/wp-content\/uploads\/2023\/01\/isa_28112022-300x262.jpg 300w\" sizes=\"auto, (max-width: 420px) 100vw, 420px\" \/><\/figure>\n\n<\/div><\/div><\/div>\n\n<div class=\"gb-grid-column gb-grid-column-d29fdb33\"><div class=\"gb-container gb-container-d29fdb33\"><div class=\"gb-inside-container\">\n\n<p>This is my career as a therapist :<\/p>\n\n\n\n<p>Thai massage (2016)<br>Young Living Essential Oils Distributor (2015)<br>Human Transdesign (2015)<br>Young Living Essential Oils Raindrop Therapy (2015)<br>Tagdrol method (2014-2015)<br>Unified Kinesiology (2014)<br>Parasites and Common Diseases (2014)<br>Korean Manopuncture and Moxibustion (2013)<br>Korean Manopuncture Energy Level (2013)<br>Training in Family Constellations with Akashic Records (2011-2013)<br>Female Homeopathy (2012)<br>Nutrition and diet Modules I and II (2012)<br>Bach Flowers (2012)<br>Unified Kinesiology (2012)<br>Akashic Records Reading Level 1 (2012)<br>Basic Homeopathy (2010)<br>Reiki Master in three aspects: Karuna Reiki \u00ae (2008) and Usui-Usui Tibetan (2006)<br>Adviser in Advanced Feng Shui &#8211; Flying Stars Method (2005)<\/p>\n\n<\/div><\/div><\/div>\n<\/div>\n\n\n<h2 class=\"has-text-align-center wp-block-heading\"><img loading=\"lazy\" decoding=\"async\" src=\"https:\/\/reikicoursesbarcelona.es\/wp-content\/uploads\/2019\/07\/Federacion-espa%C3%B1ola-de-reiki-logo.jpg\" alt=\"\" width=\"140\" height=\"140\"><\/h2>\n\n\n\n<h2 class=\"has-text-align-center wp-block-heading\"><strong>Federaci\u00f3n Espa\u00f1ola de Reiki<\/strong><\/h2>\n\n\n\n<p class=\"has-text-align-center\">Usui &amp; Usui-Tibetan Master Reiki Number 2733 de&nbsp;<a href=\"http:\/\/federeiki.es\/\">Federaci\u00f3n Espa\u00f1ola de Reiki<\/a><\/p>\n\n\n<div class=\"wp-block-image\">\n<figure class=\"aligncenter is-resized\"><img loading=\"lazy\" decoding=\"async\" src=\"https:\/\/reikicoursesbarcelona.es\/wp-content\/uploads\/2019\/07\/logo_karuna_barcelona_reiki.jpg\" alt=\"\" width=\"152\" height=\"152\"\/><\/figure>\n<\/div>\n\n\n<h2 class=\"has-text-align-center wp-block-heading\"><strong>The International Center for Reiki Training<\/strong><\/h2>\n\n\n\n<p><a href=\"http:\/\/federeiki.es\/\"><\/a><\/p>\n\n\n\n<p>Karuna\u00ae Reiki \u2013 Registered Master Number 45742 \u2013&nbsp;<a href=\"https:\/\/www.reiki.org\/\">The International Center for Reiki Training<\/a><\/p>\n\n<\/div><\/div>\n\n\n<p><\/p>\n","protected":false},"excerpt":{"rendered":"<p>Federaci\u00f3n Espa\u00f1ola de Reiki Usui &amp; Usui-Tibetan Master Reiki Number 2733 de&nbsp;Federaci\u00f3n Espa\u00f1ola de Reiki The International Center for Reiki Training Karuna\u00ae Reiki \u2013 Registered Master Number 45742 \u2013&nbsp;The International Center for Reiki Training<\/p>\n","protected":false},"author":1,"featured_media":0,"parent":0,"menu_order":0,"comment_status":"closed","ping_status":"closed","template":"","meta":{"footnotes":""},"class_list":["post-334","page","type-page","status-publish"],"featured_image_src":null,"featured_image_src_square":null,"_links":{"self":[{"href":"https:\/\/reikicoursesbarcelona.es\/onlinetraining\/wp-json\/wp\/v2\/pages\/334","targetHints":{"allow":["GET"]}}],"collection":[{"href":"https:\/\/reikicoursesbarcelona.es\/onlinetraining\/wp-json\/wp\/v2\/pages"}],"about":[{"href":"https:\/\/reikicoursesbarcelona.es\/onlinetraining\/wp-json\/wp\/v2\/types\/page"}],"author":[{"embeddable":true,"href":"https:\/\/reikicoursesbarcelona.es\/onlinetraining\/wp-json\/wp\/v2\/users\/1"}],"replies":[{"embeddable":true,"href":"https:\/\/reikicoursesbarcelona.es\/onlinetraining\/wp-json\/wp\/v2\/comments?post=334"}],"version-history":[{"count":6,"href":"https:\/\/reikicoursesbarcelona.es\/onlinetraining\/wp-json\/wp\/v2\/pages\/334\/revisions"}],"predecessor-version":[{"id":3044,"href":"https:\/\/reikicoursesbarcelona.es\/onlinetraining\/wp-json\/wp\/v2\/pages\/334\/revisions\/3044"}],"wp:attachment":[{"href":"https:\/\/reikicoursesbarcelona.es\/onlinetraining\/wp-json\/wp\/v2\/media?parent=334"}],"curies":[{"name":"wp","href":"https:\/\/api.w.org\/{rel}","templated":true}]}}